{"id":665,"date":"2014-02-18T11:49:13","date_gmt":"2014-02-18T10:49:13","guid":{"rendered":"http:\/\/deserteursdenkmal.at\/wordpress\/?page_id=665"},"modified":"2017-01-04T11:22:36","modified_gmt":"2017-01-04T10:22:36","slug":"entstehungsgeschichte","status":"publish","type":"page","link":"https:\/\/deserteursdenkmal.at\/wordpress\/entstehungsgeschichte\/","title":{"rendered":"Entstehungsgeschichte"},"content":{"rendered":"<p>Der Beschluss zum Wiener Denkmal f\u00fcr die Verfolgten der NS-Milit\u00e4rjustiz ist der vorl\u00e4ufige H\u00f6hepunkt eines Meinungswandels in \u00d6sterreich. Er hatte seinen Ausgangspunkt im Wesentlichen in der sogenannten Waldheim-Aff\u00e4re, Mitte der 1980er Jahre. In einer erstmals weitere Teile der Gesellschaft erfassenden Debatte ging es vor allem darum, was &#8220;Pflichterf\u00fcllung&#8221; im Zweiten Weltkrieg f\u00fcr die \u00d6sterreicherInnen bedeutet hatte &#8211; in einem Land, dessen Bev\u00f6lkerung sich in seiner \u00fcberwiegenden Mehrheit begeistert dem Deutschen Reich &#8220;angeschlossen&#8221;, sich nach Kriegsende jedoch fast ebenso geschlossen als Opfer der NS-Herrschaft gesehen hatte.<\/p>\n<p>In den 1990er Jahren wurden diese Auseinandersetzungen fortgef\u00fchrt durch eine Reihe von politischen und zivilgesellschaftlichen Prozessen, unterst\u00fctzt und begleitet durch neuere historische Forschungen \u00fcber die Geschichte des Zweiten Weltkrieges und des Holocausts. Bundeskanzler Franz Vranitzky erkl\u00e4rte 1991 erstmals eine Mitverantwortung \u00d6sterreichs f\u00fcr die nationalsozialistischen Verbrechen. Der Beitritt \u00d6stereichs zur Europ\u00e4ischen Union und die Gr\u00fcndung des &#8220;Nationalfonds der Republik \u00d6sterreich f\u00fcr Opfer des Nationalsozialismus&#8221; waren nur zwei von mehreren Entscheidungen, die weitere Differenzierungen vergangenheitspolitischer Diskurse in Gang setzten. Gleichzeitig sorgte 1995 unter anderem die Wiener Station der Wanderausstellung &#8220;Vernichtungskrieg. Verbrechen der Wehrmacht 1941-1944&#8221; f\u00fcr neue Diskussionen um die Rolle der \u00f6sterreichischen Wehrmachtssoldaten im Zweiten Weltkrieg; umgekehrt erm\u00f6glichten diese vehement gef\u00fchrten Auseinandersetzungen gleichzeitig Fragen nach denjenigen Soldaten, die sich &#8211; aus welchen Gr\u00fcnden auch immer &#8211; dem verbrecherischen Angriffskrieg der Wehrmacht entzogen hatten.<\/p>\n<p>Um die Jahrtausendwende setzte dann ein intensiver Prozess ein, in dessen Folge die Deserteure, &#8220;Wehrkraftzersetzer&#8221;, sogenannte Kriegsverr\u00e4ter und ihre Unterst\u00fctzerInnen gesellschaftlich rehabilitiert wurden. Ausgehend von einer studentischen Initiative zur historischen Erforschung des Themas an der Universit\u00e4t Wien 1998\/1999 erfasste die Dynamik der Auseinandersetzung in den folgenden Jahren die Willensbildung in Parlament, Medien und Gesellschaft. Am Ende stand die schrittweise gesetzliche Rehabilitierung der Verfolgten der NS-Milit\u00e4rjustiz (2005\/2009) sowie &#8211; als konsequenter n\u00e4chster Schritt &#8211; gewisserma\u00dfen der Transfer dieser Entscheidungen vom Gesetzbuch auf die Stra\u00dfe: die Errichtung des Denkmals am Ballhausplatz.<\/p>\n<p>&nbsp;<\/p>\n<p>Literaturhinweise:<\/p>\n<p><a href=\"http:\/\/deserteursdenkmal.at\/wordpress\/wp-content\/uploads\/2014\/02\/Manoschek-\u00d6sterreichische-Opfer-der-NS-Milit\u00e4rjustiz.pdf\">Walter Manoschek: \u00d6sterreichische Opfer der NS-Milit\u00e4rjustiz. Auf dem langen Weg zur Rehabilitierung. In: Geldmacher, Thomas u.a. (Hg.): \u201eDa machen wir nicht mehr mit\u201c. \u00d6sterreichische Soldaten und Zivilisten vor Gerichten der Wehrmacht, Wien 2010, S. 31-49.<\/a><\/p>\n<p><a href=\"http:\/\/deserteursdenkmal.at\/wordpress\/wp-content\/uploads\/2014\/02\/Metzler-Folgen-einer-Ausstellung.pdf\">Hannes Metzler: Folgen einer Ausstellung. Die Rehabilitierung der Wehrmachtsdeserteure in \u00d6sterreich. In: Geldmacher, Thomas u.a. (Hg.): \u00bbDa machen wir nicht mehr mit\u00ab. \u00d6sterreichische Soldaten und Zivilisten vor Gerichten der Wehrmacht, Wien 2010, S. 50-62.<\/a><\/p>\n<p>Peter Pirker: Vom Kopf auf die F\u00fc\u00dfe. Das Denkmal f\u00fcr die Verfolgten der NS-Milit\u00e4rjustiz in der Erinnerungslandschaft Wien. In: Alton, Juliane; Geldmacher, Thomas; Koch, Magnus; Metzler, Hannes (Hg.): \u201eVerliehen f\u00fcr die Flucht von den Fahnen\u201c. Das Wiener Denkmal f\u00fcr die Verfolgten der NS-Milit\u00e4rjustiz, Wien 2016, S. 126-159.<\/p>\n<p>&nbsp;<\/p>\n<p>&nbsp;<\/p>\n ","protected":false},"excerpt":{"rendered":"<p>Der Beschluss zum Wiener Denkmal f\u00fcr die Verfolgten der NS-Milit\u00e4rjustiz ist der vorl\u00e4ufige H\u00f6hepunkt eines Meinungswandels in \u00d6sterreich. Er hatte seinen Ausgangspunkt im Wesentlichen in der sogenannten Waldheim-Aff\u00e4re, Mitte der 1980er Jahre. In einer erstmals weitere Teile der Gesellschaft erfassenden &hellip; <a href=\"https:\/\/deserteursdenkmal.at\/wordpress\/entstehungsgeschichte\/\">Weiterlesen <span class=\"meta-nav\">&rarr;<\/span><\/a><\/p>\n","protected":false},"author":1,"featured_media":0,"parent":0,"menu_order":0,"comment_status":"closed","ping_status":"closed","template":"sidebar-page.php","meta":[],"categories":[],"tags":[],"_links":{"self":[{"href":"https:\/\/deserteursdenkmal.at\/wordpress\/wp-json\/wp\/v2\/pages\/665"}],"collection":[{"href":"https:\/\/deserteursdenkmal.at\/wordpress\/wp-json\/wp\/v2\/pages"}],"about":[{"href":"https:\/\/deserteursdenkmal.at\/wordpress\/wp-json\/wp\/v2\/types\/page"}],"author":[{"embeddable":true,"href":"https:\/\/deserteursdenkmal.at\/wordpress\/wp-json\/wp\/v2\/users\/1"}],"replies":[{"embeddable":true,"href":"https:\/\/deserteursdenkmal.at\/wordpress\/wp-json\/wp\/v2\/comments?post=665"}],"version-history":[{"count":19,"href":"https:\/\/deserteursdenkmal.at\/wordpress\/wp-json\/wp\/v2\/pages\/665\/revisions"}],"predecessor-version":[{"id":3990,"href":"https:\/\/deserteursdenkmal.at\/wordpress\/wp-json\/wp\/v2\/pages\/665\/revisions\/3990"}],"wp:attachment":[{"href":"https:\/\/deserteursdenkmal.at\/wordpress\/wp-json\/wp\/v2\/media?parent=665"}],"wp:term":[{"taxonomy":"category","embeddable":true,"href":"https:\/\/deserteursdenkmal.at\/wordpress\/wp-json\/wp\/v2\/categories?post=665"},{"taxonomy":"post_tag","embeddable":true,"href":"https:\/\/deserteursdenkmal.at\/wordpress\/wp-json\/wp\/v2\/tags?post=665"}],"curies":[{"name":"wp","href":"https:\/\/api.w.org\/{rel}","templated":true}]}}