{"id":4386,"date":"2017-01-23T14:00:00","date_gmt":"2017-01-23T13:00:00","guid":{"rendered":"http:\/\/deserteursdenkmal.at\/wordpress\/?page_id=4386"},"modified":"2017-01-24T12:34:13","modified_gmt":"2017-01-24T11:34:13","slug":"vermittlung","status":"publish","type":"page","link":"https:\/\/deserteursdenkmal.at\/wordpress\/vermittlung\/","title":{"rendered":"Vermittlung"},"content":{"rendered":"<h1><a href=\"http:\/\/deserteursdenkmal.at\/wordpress\/vermittlung_eng\/\"><img loading=\"lazy\" class=\"alignright  wp-image-4317\" alt=\"flag_uk\" src=\"http:\/\/deserteursdenkmal.at\/wordpress\/wp-content\/uploads\/2017\/01\/flag_uk.jpg\" width=\"27\" height=\"18\" \/><\/a> <img loading=\"lazy\" class=\"alignright  wp-image-4316\" alt=\"flag_at\" src=\"http:\/\/deserteursdenkmal.at\/wordpress\/wp-content\/uploads\/2017\/01\/flag_at.jpg\" width=\"27\" height=\"18\" \/><\/h1>\n<p>&nbsp;<\/p>\n<p><strong>Das Denkmal f\u00fcr die Verfolgten der NS-Milit\u00e4rjustiz steht f\u00fcr ein Thema, das in der \u00f6sterreichischen \u00d6ffentlichkeit bisher kaum pr\u00e4sent ist. Zwar fanden sich insbesondere im Zuge der Diskussionen um die Rehabilitierung der Deserteure in den 2000er Jahren erstmals Beitr\u00e4ge \u00fcber Zeitzeugen und historische Details zur Verfolgung in den Medien; und insbesondere seit 2009 wurden einige fachwissenschaftliche B\u00fccher und Aufs\u00e4tze ver\u00f6ffentlicht.<\/strong><\/p>\n<p>In Schulb\u00fcchern oder auf dem Feld der Erwachsenenbildung sucht man Informationen zur \u201eGro\u00dfdeutschen\u201c Wehrmachtsgerichtsbarkeit allerdings nach wie vor vergeblich. Deshalb wurden in den Jahren 2015 und 2016 vielf\u00e4ltige Materialien zur Vermittlung der Geschichte milit\u00e4rgerichtlicher Verfolgungen von ungehorsamen Soldaten und Angeh\u00f6rigen europ\u00e4ischer Widerstandsbewegungen sowie zu deren Nachgeschichte erarbeitet.<\/p>\n<p>Das Bundesministerium f\u00fcr Bildung und Frauen sowie erinnern.at sorgen f\u00fcr die Verbreitung in \u00f6sterreichischen Schulen sowie an verschiedene MultiplikatorInnen. Diese hier auch als Download zur Verf\u00fcgung gestellten Materialien sind f\u00fcr alle gedacht: f\u00fcr Angeh\u00f6rige und Nachfahren der Verfolgten, f\u00fcr TouristInnen und Bildungsreisende, f\u00fcr Studierende und allgemein f\u00fcr historisch und politisch Interessierte.<\/p>\n<p>Die Ma\u00dfnahmen f\u00fcr die Vermittlungsarbeit rund um das Denkmal am Ballhausplatz wurden unterst\u00fctzt aus folgenden Mitteln:<\/p>\n<ul>\n<li>des Nationalfonds der Republik \u00d6sterreichs f\u00fcr Opfer des Nationalsozialismus,<\/li>\n<li>der Kulturabteilung der Stadt Wien (MA 7\/ Wissenschafts- und Forschungsf\u00f6rderung, Stipendien),<\/li>\n<li>des Zukunftsfonds der Republik \u00d6sterreich und<\/li>\n<li>des Bundesministeriums f\u00fcr Bildung und Frauen.<\/li>\n<\/ul>\n ","protected":false},"excerpt":{"rendered":"<p>&nbsp; Das Denkmal f\u00fcr die Verfolgten der NS-Milit\u00e4rjustiz steht f\u00fcr ein Thema, das in der \u00f6sterreichischen \u00d6ffentlichkeit bisher kaum pr\u00e4sent ist. Zwar fanden sich insbesondere im Zuge der Diskussionen um die Rehabilitierung der Deserteure in den 2000er Jahren erstmals Beitr\u00e4ge &hellip; <a href=\"https:\/\/deserteursdenkmal.at\/wordpress\/vermittlung\/\">Weiterlesen <span class=\"meta-nav\">&rarr;<\/span><\/a><\/p>\n","protected":false},"author":1,"featured_media":0,"parent":0,"menu_order":0,"comment_status":"closed","ping_status":"closed","template":"sidebar-page.php","meta":[],"categories":[46],"tags":[],"_links":{"self":[{"href":"https:\/\/deserteursdenkmal.at\/wordpress\/wp-json\/wp\/v2\/pages\/4386"}],"collection":[{"href":"https:\/\/deserteursdenkmal.at\/wordpress\/wp-json\/wp\/v2\/pages"}],"about":[{"href":"https:\/\/deserteursdenkmal.at\/wordpress\/wp-json\/wp\/v2\/types\/page"}],"author":[{"embeddable":true,"href":"https:\/\/deserteursdenkmal.at\/wordpress\/wp-json\/wp\/v2\/users\/1"}],"replies":[{"embeddable":true,"href":"https:\/\/deserteursdenkmal.at\/wordpress\/wp-json\/wp\/v2\/comments?post=4386"}],"version-history":[{"count":9,"href":"https:\/\/deserteursdenkmal.at\/wordpress\/wp-json\/wp\/v2\/pages\/4386\/revisions"}],"predecessor-version":[{"id":4484,"href":"https:\/\/deserteursdenkmal.at\/wordpress\/wp-json\/wp\/v2\/pages\/4386\/revisions\/4484"}],"wp:attachment":[{"href":"https:\/\/deserteursdenkmal.at\/wordpress\/wp-json\/wp\/v2\/media?parent=4386"}],"wp:term":[{"taxonomy":"category","embeddable":true,"href":"https:\/\/deserteursdenkmal.at\/wordpress\/wp-json\/wp\/v2\/categories?post=4386"},{"taxonomy":"post_tag","embeddable":true,"href":"https:\/\/deserteursdenkmal.at\/wordpress\/wp-json\/wp\/v2\/tags?post=4386"}],"curies":[{"name":"wp","href":"https:\/\/api.w.org\/{rel}","templated":true}]}}