{"id":3138,"date":"2016-05-20T11:26:57","date_gmt":"2016-05-20T09:26:57","guid":{"rendered":"http:\/\/deserteursdenkmal.at\/wordpress\/?page_id=3138"},"modified":"2016-05-22T17:44:32","modified_gmt":"2016-05-22T15:44:32","slug":"gericht-otto-wagner-platz","status":"publish","type":"page","link":"https:\/\/deserteursdenkmal.at\/wordpress\/verfolgungsorte\/gericht-otto-wagner-platz\/","title":{"rendered":"Gericht der 2.Panzer-Division"},"content":{"rendered":"<div><span style=\"color: #b78847;\"><strong>Gericht der 2.Panzer-Division<\/strong><\/span><\/div>\n<div>\n<p><strong>Im Geb\u00e4ude Otto-Wagner-Platz 5 bestand ab 1938 ein gro\u00dfes Gericht der Wehrmacht. Als Gerichte der NS-Milit\u00e4rjustiz war sie Teil eines Unrechtsregimes das Deserteure, Selbstverst\u00fcmmler, Saboteure, Wehrdienstverweigerer, usw. verfolgte.<\/strong><\/p>\n<div id=\"attachment_3140\" style=\"width: 140px\" class=\"wp-caption alignright\"><a href=\"http:\/\/deserteursdenkmal.at\/wordpress\/wp-content\/uploads\/2016\/05\/phoenix-1930.png\"><img aria-describedby=\"caption-attachment-3140\" loading=\"lazy\" class=\" wp-image-3140    \" title=\"Inserat Ph\u00f6nix-Versicherung, 1930, mit Anschrift (Quelle: Lehmann)\" alt=\"Inserat Ph\u00f6nix-Versicherung, 1930, mit Anschrift (Quelle: Lehmann)\" src=\"http:\/\/deserteursdenkmal.at\/wordpress\/wp-content\/uploads\/2016\/05\/phoenix-1930.png\" width=\"130\" height=\"381\" srcset=\"https:\/\/deserteursdenkmal.at\/wordpress\/wp-content\/uploads\/2016\/05\/phoenix-1930.png 271w, https:\/\/deserteursdenkmal.at\/wordpress\/wp-content\/uploads\/2016\/05\/phoenix-1930-102x300.png 102w\" sizes=\"(max-width: 130px) 100vw, 130px\" \/><\/a><p id=\"caption-attachment-3140\" class=\"wp-caption-text\">Inserat Ph\u00f6nix-Versicherung, 1930, mit Anschrift (Q: <a href=\"http:\/\/www.digital.wienbibliothek.at\/wbrobv\/periodical\/pageview\/197238\">Lehmann<\/a>)<\/p><\/div>\n<p><strong>Geschichte vor 1938<\/strong><br \/>\nDas Geb\u00e4ude wurde 1928\/1929 von Ernst Epstein als Hauptsitz der Versicherungs-Gesellschaft Ph\u00f6nix erbaut. Die \u201ePh\u00f6nix\u201c war eine der gr\u00f6\u00dften \u00f6sterreichischen Versicherungen der Zwischenkriegszeit und durch Sponsoring stark mit der Innenpolitik verkn\u00fcpft. Anfang 1936 ersch\u00fctterte der Ph\u00f6nix-Skandal und seine Auswirkungen die Innenpolitik des austrofaschistischen Regimes, die Firma wurde noch 1936 liquidiert.<\/p>\n<p><strong>\u00dcbernahme Wehrmachtsjustiz<\/strong><br \/>\n1938 \u00fcbernahm gleich nach dem \u201eAnschluss\u201c \u00d6sterreichs Kommandantur und Gericht der 2. Panzer-Division das riesige,\u00a0 siebengescho\u00dfige Geb\u00e4ude. Die 2. Panzer-Division wurde 1935 in Deutschland aufgestellt und 1938 nach Wien verlegt, im September 1939 verlie\u00df sie bedingt durch den \u00dcberfall auf Polen die Stadt wieder. Das Gericht der 2. Panzer-Division war eines von vier Divisionsgerichten zwischen M\u00e4rz 1938 und September 1939 das in Wien t\u00e4tig war. Alle befanden sich im \u00f6rtlichen Nahbereich zum heutigen Landesgericht, das damals als Haftanstalt diente.<\/p>\n<p><strong>Gr\u00f6\u00dfe und Verfahren<\/strong><br \/>\n\u00dcber die Anzahl an Verfahren des Gerichts in diesen achtzehn Monaten bis Kriegsbeginn ist wenig bekannt, die Delikate waren meist minderschwer, oftmals Bagatellen und selten \u201epolitisch\u201c. Am Gericht der 2. Panzer-Division dienten bis 1939 zumindest sechs Richter, darunter Karl Everts, der ab 1944 als Richter am Gericht der Division 177 ein leidenschaftliche Jagd auf Selbstverst\u00fcmmler veranstaltete. Welche Beh\u00f6rde 1939 bis zur Befreiung das Geb\u00e4ude n\u00fctzte ist nicht bekannt.<\/p>\n<div id=\"attachment_3139\" style=\"width: 388px\" class=\"wp-caption alignleft\"><a href=\"http:\/\/deserteursdenkmal.at\/wordpress\/wp-content\/uploads\/2016\/05\/otto-wagner-platz_a.jpg\"><img aria-describedby=\"caption-attachment-3139\" loading=\"lazy\" class=\"wp-image-3139    \" title=\"Blick auf das Geb\u00e4ude, heute von der Finanzmarktaufsicht ben\u00fctzt. Rechts im Hintergrund das Wiener Landesgericht. (Quelle: Alexander Wallner)\" alt=\"Blick auf das Geb\u00e4ude, heute von der Finanzmarktaufsicht ben\u00fctzt. Rechts im Hintergrund das Wiener Landesgericht. (Quelle: Alexander Wallner)\" src=\"http:\/\/deserteursdenkmal.at\/wordpress\/wp-content\/uploads\/2016\/05\/otto-wagner-platz_a.jpg\" width=\"378\" height=\"194,2\" srcset=\"https:\/\/deserteursdenkmal.at\/wordpress\/wp-content\/uploads\/2016\/05\/otto-wagner-platz_a.jpg 3000w, https:\/\/deserteursdenkmal.at\/wordpress\/wp-content\/uploads\/2016\/05\/otto-wagner-platz_a-300x154.jpg 300w, https:\/\/deserteursdenkmal.at\/wordpress\/wp-content\/uploads\/2016\/05\/otto-wagner-platz_a-1024x525.jpg 1024w, https:\/\/deserteursdenkmal.at\/wordpress\/wp-content\/uploads\/2016\/05\/otto-wagner-platz_a-500x256.jpg 500w\" sizes=\"(max-width: 3000px) 100vw, 3000px\" \/><\/a><p id=\"caption-attachment-3139\" class=\"wp-caption-text\">Blick auf das Geb\u00e4ude, heute von der Finanzmarktaufsicht ben\u00fctzt. Rechts im Hintergrund das Wiener Landesgericht. (Quelle: Alexander Wallner)<\/p><\/div>\n<p><strong>Nach 1945<\/strong><br \/>\nDas Geb\u00e4ude \u00fcbernahm die ECA Special Mission (Economic Cooperation Administration), eine US-Berh\u00f6rde, die den Marshall-Plan umsetzte (Adresse: Frankhplatz 3). Ihr folgte 1958 die \u00d6sterreichische Mineralverwaltung (sp\u00e4ter: OMV), ab 2009 die Finanznmarktaufsicht (FMA).<\/p>\n<\/div>\n ","protected":false},"excerpt":{"rendered":"<p>Gericht der 2.Panzer-Division Im Geb\u00e4ude Otto-Wagner-Platz 5 bestand ab 1938 ein gro\u00dfes Gericht der Wehrmacht. Als Gerichte der NS-Milit\u00e4rjustiz war sie Teil eines Unrechtsregimes das Deserteure, Selbstverst\u00fcmmler, Saboteure, Wehrdienstverweigerer, usw. verfolgte. Geschichte vor 1938 Das Geb\u00e4ude wurde 1928\/1929 von Ernst &hellip; <a href=\"https:\/\/deserteursdenkmal.at\/wordpress\/verfolgungsorte\/gericht-otto-wagner-platz\/\">Weiterlesen <span class=\"meta-nav\">&rarr;<\/span><\/a><\/p>\n","protected":false},"author":3,"featured_media":0,"parent":2771,"menu_order":0,"comment_status":"closed","ping_status":"closed","template":"showcase.php","meta":[],"categories":[32],"tags":[145,139,111,15],"_links":{"self":[{"href":"https:\/\/deserteursdenkmal.at\/wordpress\/wp-json\/wp\/v2\/pages\/3138"}],"collection":[{"href":"https:\/\/deserteursdenkmal.at\/wordpress\/wp-json\/wp\/v2\/pages"}],"about":[{"href":"https:\/\/deserteursdenkmal.at\/wordpress\/wp-json\/wp\/v2\/types\/page"}],"author":[{"embeddable":true,"href":"https:\/\/deserteursdenkmal.at\/wordpress\/wp-json\/wp\/v2\/users\/3"}],"replies":[{"embeddable":true,"href":"https:\/\/deserteursdenkmal.at\/wordpress\/wp-json\/wp\/v2\/comments?post=3138"}],"version-history":[{"count":10,"href":"https:\/\/deserteursdenkmal.at\/wordpress\/wp-json\/wp\/v2\/pages\/3138\/revisions"}],"predecessor-version":[{"id":3150,"href":"https:\/\/deserteursdenkmal.at\/wordpress\/wp-json\/wp\/v2\/pages\/3138\/revisions\/3150"}],"up":[{"embeddable":true,"href":"https:\/\/deserteursdenkmal.at\/wordpress\/wp-json\/wp\/v2\/pages\/2771"}],"wp:attachment":[{"href":"https:\/\/deserteursdenkmal.at\/wordpress\/wp-json\/wp\/v2\/media?parent=3138"}],"wp:term":[{"taxonomy":"category","embeddable":true,"href":"https:\/\/deserteursdenkmal.at\/wordpress\/wp-json\/wp\/v2\/categories?post=3138"},{"taxonomy":"post_tag","embeddable":true,"href":"https:\/\/deserteursdenkmal.at\/wordpress\/wp-json\/wp\/v2\/tags?post=3138"}],"curies":[{"name":"wp","href":"https:\/\/api.w.org\/{rel}","templated":true}]}}