{"id":3105,"date":"2016-05-16T17:22:44","date_gmt":"2016-05-16T15:22:44","guid":{"rendered":"http:\/\/deserteursdenkmal.at\/wordpress\/?page_id=3105"},"modified":"2017-09-25T12:06:48","modified_gmt":"2017-09-25T10:06:48","slug":"gerichte-schwindgasse","status":"publish","type":"page","link":"https:\/\/deserteursdenkmal.at\/wordpress\/verfolgungsorte\/gerichte-schwindgasse\/","title":{"rendered":"Gerichte Schwindgasse"},"content":{"rendered":"<h1><a title=\"For texts in english please click on the main Menu\" href=\" http:\/\/deserteursdenkmal.at\/wordpress\/verfolgungsorte\/military-courts-schwindgasse\/\"><img loading=\"lazy\" class=\"alignright  wp-image-4317\" alt=\"flag_uk\" src=\"http:\/\/deserteursdenkmal.at\/wordpress\/wp-content\/uploads\/2017\/01\/flag_uk.jpg\" width=\"27\" height=\"18\" \/><\/a> <img loading=\"lazy\" class=\"wp-image-4316 alignright\" alt=\"flag_at\" src=\"http:\/\/deserteursdenkmal.at\/wordpress\/wp-content\/uploads\/2017\/01\/flag_at.jpg\" width=\"27\" height=\"18\" \/><\/h1>\n<p><span style=\"color: #cca758;\"><strong>Schwindgasse 8 &#8211; Luftwaffen-Gericht und Reichkriegsgericht<br \/>\n<\/strong><\/span><\/p>\n<p><strong>Im Geb\u00e4ude Schwindgasse 8 bestand ab 1938 ein gro\u00dfes Luftwaffen-Gericht, sp\u00e4ter auch eine Au\u00dfenstelle des Reichkriegsgericht. Als Gerichte der NS-Milit\u00e4rjustiz war sie Teil eines Unrechtsregimes das Deserteure, Selbstverst\u00fcmmler, Saboteure, Wehrdienstverweigerer, usw. verfolgte.<\/strong><\/p>\n<div id=\"attachment_3109\" style=\"width: 2559px\" class=\"wp-caption aligncenter\"><a href=\"http:\/\/deserteursdenkmal.at\/wordpress\/wp-content\/uploads\/2016\/05\/schwindgasse_a.png\"><img aria-describedby=\"caption-attachment-3109\" loading=\"lazy\" class=\" wp-image-3109\" title=\"Briefkopf eines Schreibens des Gerichts des Luftgaus an eine Wiener Haftanstalt, 1942 (Quelle: D\u00d6W)\" alt=\"Briefkopf eines Schreibens des Gerichts des Luftgaus an eine Wiener Haftanstalt, 1942 (Quelle: D\u00d6W)\" src=\"http:\/\/deserteursdenkmal.at\/wordpress\/wp-content\/uploads\/2016\/05\/schwindgasse_a.png\" width=\"2549\" height=\"486\" srcset=\"https:\/\/deserteursdenkmal.at\/wordpress\/wp-content\/uploads\/2016\/05\/schwindgasse_a.png 2549w, https:\/\/deserteursdenkmal.at\/wordpress\/wp-content\/uploads\/2016\/05\/schwindgasse_a-300x57.png 300w, https:\/\/deserteursdenkmal.at\/wordpress\/wp-content\/uploads\/2016\/05\/schwindgasse_a-1024x195.png 1024w, https:\/\/deserteursdenkmal.at\/wordpress\/wp-content\/uploads\/2016\/05\/schwindgasse_a-500x95.png 500w\" sizes=\"(max-width: 2549px) 100vw, 2549px\" \/><\/a><p id=\"caption-attachment-3109\" class=\"wp-caption-text\">Briefkopf eines Schreibens des Gerichts des Luftgaus an eine Wiener Haftanstalt, 1942 (Quelle: <a href=\"http:\/\/www.doew.at\/\">D\u00d6W<\/a>)<\/p><\/div>\n<p style=\"text-align: left;\"><strong>Einrichtung Gericht des Luftgau<\/strong><br \/>\nDirekt nach dem \u201eAnschluss\u201c 1938 bezog in der Schwindgasse 8 das Luftwaffen-Gericht Quartier. Dabei war die \u00f6rtliche N\u00e4he zu anderen hohen Stellen der Luftwaffe (Luftflottenkommando 4 am Schwarzenbergplatz, Luftgaukommando XVII am Schillerplatz) vorteilhaft. Das Gericht firmierte seit 1938 unter der Bezeichnung \u201eFeldgericht des Luftgaus XVII\u201c, sp\u00e4ter auch als \u201eFeldgericht des kommandierenden Generals und Befehlshabers im Luftgau XVII\u201c.<\/p>\n<p><strong>Zust\u00e4ndigkeit und Gr\u00f6\u00dfe<\/strong><br \/>\nDer Luftgau XVII war sehr gro\u00df und bestand aus einem Gutteil des heutigen \u00d6sterreichs und der heutigen tschechischen Republik. Alle Angeh\u00f6rigen der Luftwaffe \u2013 Offiziere, Soldaten sowie etliche ZivilistInnen \u2013 unterstanden dem Luftgau-Gericht so nicht speziellere oder direktere Gerichte zust\u00e4ndig waren. Das Gericht unterhielt auch Au\u00dfenstellen, etwa in Linz und Brno. Teilweise arbeiteten bis zu acht Richter gleichzeitig an diesem Gericht, ein Dienstaufsichtsrichter f\u00fchrte es. Urteil des Gerichts mussten von Gerichtsherren \u2013 den jeweiligen Luftwaffen-Kommandanten \u2013 unterzeichnet werden, die meisten sa\u00dfen \u00f6rtlich in den oben genannten Kommandanturen.<\/p>\n<div id=\"attachment_3112\" style=\"width: 3274px\" class=\"wp-caption aligncenter\"><a href=\"http:\/\/deserteursdenkmal.at\/wordpress\/wp-content\/uploads\/2016\/05\/schwindgasse_c.png\"><img aria-describedby=\"caption-attachment-3112\" loading=\"lazy\" class=\" wp-image-3112 \" title=\"Ausschnitt aus einer Verfahrensverf\u00fcgung gegen Angeh\u00f6rige einer steirischen Widerstandsgruppe (OFF) zu einer Verhandlung in der Schwindgasse 8, 1944 (Quelle: D\u00d6W 21062\/85C)\" alt=\"Ausschnitt aus einer Verfahrensverf\u00fcgung gegen Angeh\u00f6rige einer steirischen Widerstandsgruppe (OFF) zu einer Verhandlung in der Schwindgasse 8, 1944 (Quelle: D\u00d6W 21062\/85C)\" src=\"http:\/\/deserteursdenkmal.at\/wordpress\/wp-content\/uploads\/2016\/05\/schwindgasse_c.png\" width=\"3264\" height=\"603\" srcset=\"https:\/\/deserteursdenkmal.at\/wordpress\/wp-content\/uploads\/2016\/05\/schwindgasse_c.png 3264w, https:\/\/deserteursdenkmal.at\/wordpress\/wp-content\/uploads\/2016\/05\/schwindgasse_c-300x55.png 300w, https:\/\/deserteursdenkmal.at\/wordpress\/wp-content\/uploads\/2016\/05\/schwindgasse_c-1024x189.png 1024w, https:\/\/deserteursdenkmal.at\/wordpress\/wp-content\/uploads\/2016\/05\/schwindgasse_c-500x92.png 500w\" sizes=\"(max-width: 3264px) 100vw, 3264px\" \/><\/a><p id=\"caption-attachment-3112\" class=\"wp-caption-text\">Ausschnitt aus einer Verfahrensverf\u00fcgung gegen Angeh\u00f6rige einer steirischen Widerstandsgruppe (OFF) zu einer Verhandlung in der Schwindgasse 8, 1944 (Quelle: <a href=\"http:\/\/www.doew.at\/\">D\u00d6W 21062\/85C<\/a>)<\/p><\/div>\n<p style=\"text-align: left;\"><strong>Reichskriegsgericht<\/strong><br \/>\nDas Reichskriegsgericht (RKG) bestand in Berlin seit 1936, nach dem \u201eAnschluss\u201c 1938 dehnte es seine Zust\u00e4ndigkeit auf \u00d6sterreich aus. Bis zum Kriegsbeginn 1939 war es vor allem f\u00fcr Revisionsverfahren, nebst Verfahren wegen Hoch- und Landesverrat, zust\u00e4ndig. Manche seiner Entscheidungen waren richtungsweisend und verbindlich f\u00fcr andere Kriegsgerichte. Mitte August 1943 wechselte der Gerichtssitz von Berlin nach Torgau. Der 1941 eingerichtete 4. Senat des RKG tagte sp\u00e4testens ab Herbst 1944 teils in der Schwindgasse in Wien. In mehr als 10.000 F\u00e4llen wurde vom RKG Ermittlungen gef\u00fchrt, rund die H\u00e4lfte dann auch angeklagt.<\/p>\n<p><strong>Zust\u00e4ndigkeiten des Reichskriegsgerichts<\/strong><br \/>\nDas RKG war f\u00fcr bestimmte Delikte zust\u00e4ndig, egal ob von Soldaten oder ZivilistInnen ver\u00fcbt. Es war vor allem zust\u00e4ndig f\u00fcr die Delikte des Hochverrats, Landesverrats, Kriegsverrats, bei Angriffen auf den F\u00fchrer und Reichskanzler, bei bestimmten F\u00e4llen der Wehrkraftzersetzung . Besonders viele F\u00e4lle religi\u00f6ser und politischer (Kriegsdienst)Verweigerung landeten beim RKG.<\/p>\n<p><strong>Urteilspraxis des Reichskriegsgerichts<\/strong><br \/>\nVon den 1189 verh\u00e4ngten Todesurteilen wurden 1049 vollstreckt, die meisten wegen Spionage (340), Landesverrat (313) und Zersetzung der Wehrkraft (313); ferner betrafen die Urteile mehr Zivilpersonen als Milit\u00e4rangeh\u00f6rige (689 zu 500), die meisten Milit\u00e4rangeh\u00f6rige waren wiederum Teil des Heeres. (422)<\/p>\n<div id=\"attachment_3110\" style=\"width: 132px\" class=\"wp-caption alignleft\"><a href=\"http:\/\/deserteursdenkmal.at\/wordpress\/wp-content\/uploads\/2016\/05\/schwindgasse_b.png\"><img aria-describedby=\"caption-attachment-3110\" loading=\"lazy\" class=\"size-medium wp-image-3110 \" title=\"Bulgarische Botschaft heute (Bild: Mathias Lichtenwagner)\" alt=\"Bulgarische Botschaft heute (Bild: Mathias Lichtenwagner)\" src=\"http:\/\/deserteursdenkmal.at\/wordpress\/wp-content\/uploads\/2016\/05\/schwindgasse_b-122x300.png\" width=\"122\" height=\"300\" srcset=\"https:\/\/deserteursdenkmal.at\/wordpress\/wp-content\/uploads\/2016\/05\/schwindgasse_b-122x300.png 122w, https:\/\/deserteursdenkmal.at\/wordpress\/wp-content\/uploads\/2016\/05\/schwindgasse_b-418x1024.png 418w, https:\/\/deserteursdenkmal.at\/wordpress\/wp-content\/uploads\/2016\/05\/schwindgasse_b.png 613w\" sizes=\"(max-width: 122px) 100vw, 122px\" \/><\/a><p id=\"caption-attachment-3110\" class=\"wp-caption-text\">Bulgarische Botschaft heute (Bild: Mathias Lichtenwagner)<\/p><\/div>\n<p><strong>Aufl\u00f6sung beider Gerichte<\/strong><br \/>\nEnde M\u00e4rz 1945 wurde das Luftwaffengericht nach Ober\u00f6sterreich verlegt, es bezog in Linz und Stadl-Paura bei Lambach Quartier. Wahrscheinlich wurde auch das Reichskriegsgericht zum gleichen Zeitpunkt aus der Schwindgasse abgezogen. Gegen Richter und Bedienstete des Luftwaffen-Gerichts in der Schwindgasse wurde 1945 ein Ermittlungsverfahren nach dem Kriegsverbrechergesetz gef\u00fchrt, bis Mitte 1947 jedoch alle Beschuldigten enthaftet und alle Verfahren eingestellt. Die Richter gaben zwar zu Protokoll, dutzende Todesurteile gegen Deserteure und Wehrkraftzersetzer gesprochen zu haben &#8211; das blieb f\u00fcr sie aber ohne Konsequenzen.<\/p>\n<p>Die diplomatische Vertretung Bulgariens nutzt seit 1957 das Geb\u00e4ude.<\/p>\n<p><strong>Fallbeispiel:<\/strong><br \/>\n<a href=\"http:\/\/deserteursdenkmal.at\/wordpress\/verfolgungsorte\/wug-x\/wug-x-fallbeispiel-ulsamer\/\">Karl und Edgar Ulsamer<\/a> wurde am 11.M\u00e4rz 1945 vom Reichskriegsgericht in der Schwindgasse zum Tode verurteilt, w\u00e4hrend der Evakuierung des WUG X gelang ihnen jedoch die Flucht.<\/p>\n ","protected":false},"excerpt":{"rendered":"<p>Schwindgasse 8 &#8211; Luftwaffen-Gericht und Reichkriegsgericht Im Geb\u00e4ude Schwindgasse 8 bestand ab 1938 ein gro\u00dfes Luftwaffen-Gericht, sp\u00e4ter auch eine Au\u00dfenstelle des Reichkriegsgericht. Als Gerichte der NS-Milit\u00e4rjustiz war sie Teil eines Unrechtsregimes das Deserteure, Selbstverst\u00fcmmler, Saboteure, Wehrdienstverweigerer, usw. verfolgte. Einrichtung Gericht &hellip; <a href=\"https:\/\/deserteursdenkmal.at\/wordpress\/verfolgungsorte\/gerichte-schwindgasse\/\">Weiterlesen <span class=\"meta-nav\">&rarr;<\/span><\/a><\/p>\n","protected":false},"author":3,"featured_media":0,"parent":2771,"menu_order":0,"comment_status":"closed","ping_status":"closed","template":"showcase.php","meta":[],"categories":[32],"tags":[124,139,111,140,15],"_links":{"self":[{"href":"https:\/\/deserteursdenkmal.at\/wordpress\/wp-json\/wp\/v2\/pages\/3105"}],"collection":[{"href":"https:\/\/deserteursdenkmal.at\/wordpress\/wp-json\/wp\/v2\/pages"}],"about":[{"href":"https:\/\/deserteursdenkmal.at\/wordpress\/wp-json\/wp\/v2\/types\/page"}],"author":[{"embeddable":true,"href":"https:\/\/deserteursdenkmal.at\/wordpress\/wp-json\/wp\/v2\/users\/3"}],"replies":[{"embeddable":true,"href":"https:\/\/deserteursdenkmal.at\/wordpress\/wp-json\/wp\/v2\/comments?post=3105"}],"version-history":[{"count":10,"href":"https:\/\/deserteursdenkmal.at\/wordpress\/wp-json\/wp\/v2\/pages\/3105\/revisions"}],"predecessor-version":[{"id":4706,"href":"https:\/\/deserteursdenkmal.at\/wordpress\/wp-json\/wp\/v2\/pages\/3105\/revisions\/4706"}],"up":[{"embeddable":true,"href":"https:\/\/deserteursdenkmal.at\/wordpress\/wp-json\/wp\/v2\/pages\/2771"}],"wp:attachment":[{"href":"https:\/\/deserteursdenkmal.at\/wordpress\/wp-json\/wp\/v2\/media?parent=3105"}],"wp:term":[{"taxonomy":"category","embeddable":true,"href":"https:\/\/deserteursdenkmal.at\/wordpress\/wp-json\/wp\/v2\/categories?post=3105"},{"taxonomy":"post_tag","embeddable":true,"href":"https:\/\/deserteursdenkmal.at\/wordpress\/wp-json\/wp\/v2\/tags?post=3105"}],"curies":[{"name":"wp","href":"https:\/\/api.w.org\/{rel}","templated":true}]}}