{"id":3062,"date":"2016-05-12T14:39:49","date_gmt":"2016-05-12T12:39:49","guid":{"rendered":"http:\/\/deserteursdenkmal.at\/wordpress\/?page_id=3062"},"modified":"2016-05-24T17:51:34","modified_gmt":"2016-05-24T15:51:34","slug":"wug-ii","status":"publish","type":"page","link":"https:\/\/deserteursdenkmal.at\/wordpress\/verfolgungsorte\/wug-ii\/","title":{"rendered":"Albrechtskaserne (WUG II)"},"content":{"rendered":"<p><span style=\"color: #b78847;\"><strong>Wehrmachtsuntersuchungsgef\u00e4ngnis Albrechtskaserne (WUG II)<\/strong><\/span><\/p>\n<p><strong>In Wien wurden von der Wehrmachtsjustiz f\u00fcnf Gef\u00e4ngnisse betrieben: Die <a href=\"http:\/\/deserteursdenkmal.at\/wordpress\/verfolgungsorte\/wug-x\/\">Zentrale (WUG X)<\/a> befand sich in Wien-Favoriten, wegen Platznot wurde auch in der Albrechtskaserne in Wien-Leopoldstadt ein Wehrmachtsuntersuchungsgef\u00e4ngnis eingerichtet. Es war Teil eines Unrechtsregimes das Deserteure, Selbstverst\u00fcmmler, Saboteure, Wehrdienstverweigerer, usw. verfolgte.<\/strong><\/p>\n<div style=\"width: 514px\" class=\"wp-caption alignleft\"><img loading=\"lazy\" class=\"   \" alt=\"\" src=\"https:\/\/upload.wikimedia.org\/wikipedia\/commons\/e\/e1\/Wien_Albrechtskaserne.jpg\" width=\"504\" height=\"312\" \/><p class=\"wp-caption-text\">Teil der Albrechtskaserne (ca. 1900) in Wien-Leopoldstadt (Lizenz: <a href=\"https:\/\/commons.wikimedia.org\/wiki\/File:Wien_Albrechtskaserne.jpg\">abgelaufen, frei nutzbar, wikimedia-common<\/a>)<\/p><\/div>\n<p><strong>\u00dcbernahme durch Wehrmacht und Wehrmachtsjustiz<\/strong><br \/>\nNach dem \u201eAnschluss\u201c 1938 \u00fcbernahm die Wehrmacht alle Bundesheer-Kasernen, so auch die Albrechtskaserne. Da die Wehrmachtsjustiz nur \u00fcber ungen\u00fcgende Haftr\u00e4ume verf\u00fcgte wurde ein Teil der nach dem \u00dcberfall auf Polen leeren Kaserne zum Wehrmachtsuntersuchungsgef\u00e4ngnis umgebaut.<\/p>\n<p><strong>Nutzung<\/strong><br \/>\nIn das Wehrmachtsuntersuchungsgef\u00e4ngnis Albrechtskaserne kamen vor allem verurteilte Soldaten, hingegen kaum Untersuchungs-H\u00e4ftlinge. Die verurteilten Soldaten sahen entweder einer Verbringung in den sonstigen Wehrmachtsstrafvollzug oder an die Front zur \u201eFrontbew\u00e4hrung\u201c entgegen \u2013 beides mit ungewissem und oft t\u00f6dlichem Ausgang. Rund zehn Prozent der von Wiener Gerichten verurteilten Personen kamen zumindest kurz in die Albrechtskaserne, das waren 1938 \u2013 1945 mehrere Tausend Personen.<\/p>\n<p><strong>Befreiung und Nutzung nach 1945<\/strong><br \/>\n\u00dcber die Befreiung der Kaserne im April 1945 ist nichts bekannt, bis 1955 war die Kaserne unter sowjetischer Verwaltung. 1955 bezog das Bundesheer und auch Stellen des Verteidigungsministeriums das Geb\u00e4ude, die Bezeichnung der Kaserne bzw. Amtsgeb\u00e4ude wechselte des \u00d6fteren. Seit 1979 befinden sich die Wiener Stellungskommission am Gel\u00e4nde der Kaserne. Seit Jahren wird \u00fcber den Verkauf der ehemaligen Kaserne berichtet &#8211; <a href=\"https:\/\/www.flickr.com\/photos\/id_ejs\/albums\/72157645666920671\/with\/14463885347\/\">der aktuelle bauliche Zustand der Geb\u00e4ude macht dies sehr wahrscheinlich (Link extern).<\/a><\/p>\n<p><strong>Fallbeispiele:<\/strong><br \/>\nDer 20j\u00e4hrigen Deserteur Johann Wimmer, dem die Flucht aus der Arresthaft in der Albrechtskaserne gelang, danach vom <a href=\"http:\/\/deserteursdenkmal.at\/wordpress\/verfolgungsorte\/gericht-loquaiplatz\/\">Gericht am Loquaiplatz<\/a> verurteilt und im <a href=\"http:\/\/deserteursdenkmal.at\/wordpress\/verfolgungsorte\/landesgericht\">Wiener Landesgericht<\/a> hingerichtet wurde:<br \/>\n<strong>&#8211; <a href=\"http:\/\/www.doew.at\/erinnern\/fotos-und-dokumente\/1938-1945\/aufrechterhaltung-der-manneszucht\/johann-wimmer-1923-1944\">Link zu seiner Biografie (D\u00d6W)<\/a><\/strong><br \/>\n<strong>&#8211; <a href=\" http:\/\/www.doew.at\/cms\/download\/g25v\/6063_wimmer_johann.pdf\">Link zum Feldurteil gegen ihn (D\u00d6W)<\/a><\/strong><\/p>\n ","protected":false},"excerpt":{"rendered":"<p>Wehrmachtsuntersuchungsgef\u00e4ngnis Albrechtskaserne (WUG II) In Wien wurden von der Wehrmachtsjustiz f\u00fcnf Gef\u00e4ngnisse betrieben: Die Zentrale (WUG X) befand sich in Wien-Favoriten, wegen Platznot wurde auch in der Albrechtskaserne in Wien-Leopoldstadt ein Wehrmachtsuntersuchungsgef\u00e4ngnis eingerichtet. Es war Teil eines Unrechtsregimes das Deserteure, &hellip; <a href=\"https:\/\/deserteursdenkmal.at\/wordpress\/verfolgungsorte\/wug-ii\/\">Weiterlesen <span class=\"meta-nav\">&rarr;<\/span><\/a><\/p>\n","protected":false},"author":3,"featured_media":0,"parent":2771,"menu_order":0,"comment_status":"closed","ping_status":"closed","template":"showcase.php","meta":[],"categories":[32],"tags":[124,142,143,114,90,111,123],"_links":{"self":[{"href":"https:\/\/deserteursdenkmal.at\/wordpress\/wp-json\/wp\/v2\/pages\/3062"}],"collection":[{"href":"https:\/\/deserteursdenkmal.at\/wordpress\/wp-json\/wp\/v2\/pages"}],"about":[{"href":"https:\/\/deserteursdenkmal.at\/wordpress\/wp-json\/wp\/v2\/types\/page"}],"author":[{"embeddable":true,"href":"https:\/\/deserteursdenkmal.at\/wordpress\/wp-json\/wp\/v2\/users\/3"}],"replies":[{"embeddable":true,"href":"https:\/\/deserteursdenkmal.at\/wordpress\/wp-json\/wp\/v2\/comments?post=3062"}],"version-history":[{"count":9,"href":"https:\/\/deserteursdenkmal.at\/wordpress\/wp-json\/wp\/v2\/pages\/3062\/revisions"}],"predecessor-version":[{"id":3194,"href":"https:\/\/deserteursdenkmal.at\/wordpress\/wp-json\/wp\/v2\/pages\/3062\/revisions\/3194"}],"up":[{"embeddable":true,"href":"https:\/\/deserteursdenkmal.at\/wordpress\/wp-json\/wp\/v2\/pages\/2771"}],"wp:attachment":[{"href":"https:\/\/deserteursdenkmal.at\/wordpress\/wp-json\/wp\/v2\/media?parent=3062"}],"wp:term":[{"taxonomy":"category","embeddable":true,"href":"https:\/\/deserteursdenkmal.at\/wordpress\/wp-json\/wp\/v2\/categories?post=3062"},{"taxonomy":"post_tag","embeddable":true,"href":"https:\/\/deserteursdenkmal.at\/wordpress\/wp-json\/wp\/v2\/tags?post=3062"}],"curies":[{"name":"wp","href":"https:\/\/api.w.org\/{rel}","templated":true}]}}