{"id":2771,"date":"2015-08-31T18:23:44","date_gmt":"2015-08-31T16:23:44","guid":{"rendered":"http:\/\/deserteursdenkmal.at\/wordpress\/?page_id=2771"},"modified":"2022-12-18T16:40:55","modified_gmt":"2022-12-18T15:40:55","slug":"verfolgungsorte","status":"publish","type":"page","link":"https:\/\/deserteursdenkmal.at\/wordpress\/verfolgungsorte\/","title":{"rendered":"Verfolgungsorte"},"content":{"rendered":"<h1><a href=\"http:\/\/deserteursdenkmal.at\/wordpress\/verfolgungsorte-2\"><img loading=\"lazy\" class=\"alignright  wp-image-4317\" src=\"http:\/\/deserteursdenkmal.at\/wordpress\/wp-content\/uploads\/2017\/01\/flag_uk.jpg\" alt=\"flag_uk\" width=\"27\" height=\"18\" \/><\/a> <img loading=\"lazy\" class=\"alignright  wp-image-4316\" src=\"http:\/\/deserteursdenkmal.at\/wordpress\/wp-content\/uploads\/2017\/01\/flag_at.jpg\" alt=\"flag_at\" width=\"27\" height=\"18\" \/><\/h1>\n<div>\n<div>\n<p><em><strong>Haftorte:<\/strong> <a href=\"http:\/\/deserteursdenkmal.at\/wordpress\/verfolgungsorte\/wug-ii\">WUG II<\/a> | <a href=\"http:\/\/deserteursdenkmal.at\/wordpress\/verfolgungsorte\/wug-vii\">WUG VII<\/a>\u00a0<em>|<\/em> <a href=\"http:\/\/deserteursdenkmal.at\/wordpress\/verfolgungsorte\/wug-x\">WUG X\u00a0<\/a><em>|<\/em> <a href=\"http:\/\/deserteursdenkmal.at\/wordpress\/verfolgungsorte\/wug-xix\">WUG XIX<\/a>\u00a0<em>|<\/em> <a href=\"http:\/\/deserteursdenkmal.at\/wordpress\/verfolgungsorte\/wug-xxi\">WUG XXI<\/a>\u00a0<em>|<\/em> Rossauer L\u00e4nde\u00a0<em>|<\/em><br \/>\n<strong>Gerichtsorte:<\/strong> <a title=\"Gericht der Division 177, Standort Hohenstaufengasse\" href=\"http:\/\/deserteursdenkmal.at\/wordpress\/verfolgungsorte\/gericht-hohenstaufengasse\/\">Gerichte Hohenstaufengasse<\/a>\u00a0<em>|<\/em> <a title=\"Gerichte Schwindgasse\" href=\"http:\/\/deserteursdenkmal.at\/wordpress\/verfolgungsorte\/gerichte-schwindgasse\/\">Gerichte Schwindgasse<\/a>\u00a0<em>|<\/em> <a title=\"Gericht Div. 177, Loquaiplatz\" href=\"http:\/\/deserteursdenkmal.at\/wordpress\/verfolgungsorte\/gericht-loquaiplatz\/\">Gericht Loquaiplatz<\/a>\u00a0<em>|<\/em> <a title=\"Gericht der 2.Panzer-Division\" href=\"http:\/\/deserteursdenkmal.at\/wordpress\/verfolgungsorte\/gericht-otto-wagner-platz\/\">Gericht Otto-Wagner-Platz<\/a>\u00a0<em>|<\/em> <a title=\"Feldgericht Maxingstra\u00dfe\" href=\"http:\/\/deserteursdenkmal.at\/wordpress\/verfolgungsorte\/feldgericht-maxingstrasse\/\">Gericht Maxingstra\u00dfe<\/a>\u00a0<em>|<\/em> Gericht Universit\u00e4tsstra\u00dfe\u00a0<em>|<\/em> <a title=\"Zentralgericht des Heeres, Au\u00dfenstelle Wien\" href=\"http:\/\/deserteursdenkmal.at\/wordpress\/verfolgungsorte\/zentralgericht\/\">Gerichte Franz-Josefs-Kai<\/a>\u00a0<em>|<\/em> <a href=\"https:\/\/deserteursdenkmal.at\/wordpress\/verfolgungsorte\/gericht-stubenring\/\">Gericht Stubenring<\/a>\u00a0<em>|<\/em><br \/>\n<strong>Streifenstandorte:<\/strong> Rossauer Kaserne\u00a0<em>|<\/em> <a title=\"Zentralgericht des Heeres, Au\u00dfenstelle Wien\" href=\"http:\/\/deserteursdenkmal.at\/wordpress\/verfolgungsorte\/zentralgericht\/\">Franz-Josefs-Kai<\/a>\u00a0<em>|<\/em> Kohlmarkt\u00a0<em>|<\/em><br \/>\n<strong>Hinrichtungsorte:<\/strong> Schie\u00dfplatz Kagran\u00a0<em>|<\/em> Landesgericht\u00a0<em>|<\/em><br \/>\n<strong>Gerichtsherrenstandorte:<\/strong> Gerichtsherren<\/em><\/p>\n<p><span style=\"color: #000000;\"><strong>Wien war neben Berlin, den Emslandlagern und Torgau einer der zentralen Orte der NS-Milit\u00e4rjustiz. Hier, im Wehrkreis XVII, hatten eine ganze Reihe wichtiger Einrichtungen ihren Sitz. Kaum jemand wei\u00df heute, wo sie lagen und was an diesen Orten geschah; die wenigen Gedenkorte liegen versteckt und sind weitgehend unbekannt. Solches topografisches Wissen ist f\u00fcr ein angemessenes Erinnern jedoch zentral.<\/strong><\/span><\/p>\n<\/div>\n<\/div>\n<h1>Stadtplan der Verfolgung<\/h1>\n<p>Die folgende Karte zeigt zumindest die wichtigsten Wiener Haftanstalten, Gerichtsorte und Hinrichtungsst\u00e4tten.<\/p>\n<h6><strong>Und so funktioniert die interaktive Karte:<\/strong><\/h6>\n<p>F\u00fcr eine gr\u00f6\u00dfere Darstellung sowie die detaillierte Beschreibung der insgesamt 16 Wiener Orte mit Text und Bild klicken Sie bitte auf die blauen Pins. Die Karte l\u00e4sst sich mit dem Curser hin- und herschieben.<\/p>\n<p><strong>Bei Problemen mit der Darstellung klicken Sie bitte F5 auf Ihrer Tastatur!<\/strong><\/p>\n<p><iframe src=\"http:\/\/maps.google.at\/maps\/ms?hl=de&amp;ie=UTF8&amp;msa=0&amp;msid=214539639482744899432.00049e8c71c4986cf901f&amp;ll=48.215294,16.384735&amp;spn=0.13726,0.20565&amp;z=12&amp;output=embed\" width=\"650\" height=\"600\" frameborder=\"0\" marginwidth=\"0\" marginheight=\"0\" scrolling=\"no\"><\/iframe><br \/>\n<small><\/small><\/p>\n<div>\n<div>\n<div>\n<dl>\n<dt><a href=\"http:\/\/maps.google.at\/maps\/ms?hl=de&amp;ie=UTF8&amp;msa=0&amp;msid=214539639482744899432.00049e8c71c4986cf901f&amp;ll=48.215294\" target=\"_blank\" rel=\"noopener\"><img loading=\"lazy\" src=\"http:\/\/www.pk-deserteure.at\/uploads\/pics\/lupe.gif\" alt=\"\" width=\"500\" height=\"79\" border=\"0\" \/><\/a><\/dt>\n<\/dl>\n<\/div>\n<\/div>\n<div><\/div>\n<h1>Literaturhinweis<\/h1>\n<p>Lichtenwagner, Mathias: Leerstellen. Zur Topografie der Wehrmachtjustiz in Wien vor und nach 1945, Wien 2012.<\/p>\n<\/div>\n ","protected":false},"excerpt":{"rendered":"<p>Haftorte: WUG II | WUG VII\u00a0| WUG X\u00a0| WUG XIX\u00a0| WUG XXI\u00a0| Rossauer L\u00e4nde\u00a0| Gerichtsorte: Gerichte Hohenstaufengasse\u00a0| Gerichte Schwindgasse\u00a0| Gericht Loquaiplatz\u00a0| Gericht Otto-Wagner-Platz\u00a0| Gericht Maxingstra\u00dfe\u00a0| Gericht Universit\u00e4tsstra\u00dfe\u00a0| Gerichte Franz-Josefs-Kai\u00a0| Gericht Stubenring\u00a0| Streifenstandorte: Rossauer Kaserne\u00a0| Franz-Josefs-Kai\u00a0| Kohlmarkt\u00a0| Hinrichtungsorte: Schie\u00dfplatz Kagran\u00a0| Landesgericht\u00a0| &hellip; <a href=\"https:\/\/deserteursdenkmal.at\/wordpress\/verfolgungsorte\/\">Weiterlesen <span class=\"meta-nav\">&rarr;<\/span><\/a><\/p>\n","protected":false},"author":1,"featured_media":0,"parent":0,"menu_order":0,"comment_status":"closed","ping_status":"closed","template":"sidebar-page.php","meta":[],"categories":[],"tags":[],"_links":{"self":[{"href":"https:\/\/deserteursdenkmal.at\/wordpress\/wp-json\/wp\/v2\/pages\/2771"}],"collection":[{"href":"https:\/\/deserteursdenkmal.at\/wordpress\/wp-json\/wp\/v2\/pages"}],"about":[{"href":"https:\/\/deserteursdenkmal.at\/wordpress\/wp-json\/wp\/v2\/types\/page"}],"author":[{"embeddable":true,"href":"https:\/\/deserteursdenkmal.at\/wordpress\/wp-json\/wp\/v2\/users\/1"}],"replies":[{"embeddable":true,"href":"https:\/\/deserteursdenkmal.at\/wordpress\/wp-json\/wp\/v2\/comments?post=2771"}],"version-history":[{"count":10,"href":"https:\/\/deserteursdenkmal.at\/wordpress\/wp-json\/wp\/v2\/pages\/2771\/revisions"}],"predecessor-version":[{"id":4907,"href":"https:\/\/deserteursdenkmal.at\/wordpress\/wp-json\/wp\/v2\/pages\/2771\/revisions\/4907"}],"wp:attachment":[{"href":"https:\/\/deserteursdenkmal.at\/wordpress\/wp-json\/wp\/v2\/media?parent=2771"}],"wp:term":[{"taxonomy":"category","embeddable":true,"href":"https:\/\/deserteursdenkmal.at\/wordpress\/wp-json\/wp\/v2\/categories?post=2771"},{"taxonomy":"post_tag","embeddable":true,"href":"https:\/\/deserteursdenkmal.at\/wordpress\/wp-json\/wp\/v2\/tags?post=2771"}],"curies":[{"name":"wp","href":"https:\/\/api.w.org\/{rel}","templated":true}]}}