{"id":2426,"date":"2015-04-03T17:49:56","date_gmt":"2015-04-03T15:49:56","guid":{"rendered":"http:\/\/deserteursdenkmal.at\/wordpress\/?page_id=2426"},"modified":"2017-09-25T12:12:20","modified_gmt":"2017-09-25T10:12:20","slug":"wug-x-fallbeispiel-ulsamer","status":"publish","type":"page","link":"https:\/\/deserteursdenkmal.at\/wordpress\/verfolgungsorte\/wug-x\/wug-x-fallbeispiel-ulsamer\/","title":{"rendered":"WUG Favoriten &#8211; Fallbeispiel (Fam. Ulsamer)"},"content":{"rendered":"<h1><a title=\"For texts in english please click on the main Menu\" href=\"http:\/\/deserteursdenkmal.at\/wordpress\/verfolgungsorte\/wug-x\/wug-x-case-study-ulsamer-family\/\"><img loading=\"lazy\" class=\"alignright  wp-image-4317\" alt=\"flag_uk\" src=\"http:\/\/deserteursdenkmal.at\/wordpress\/wp-content\/uploads\/2017\/01\/flag_uk.jpg\" width=\"27\" height=\"18\" \/><\/a> <img loading=\"lazy\" class=\"wp-image-4316 alignright\" alt=\"flag_at\" src=\"http:\/\/deserteursdenkmal.at\/wordpress\/wp-content\/uploads\/2017\/01\/flag_at.jpg\" width=\"27\" height=\"18\" \/><\/h1>\n<p><span style=\"color: #cca758;\"><strong>Fallbeispiel zum WUG X: Familie Ulsamer<br \/>\n<\/strong><\/span><\/p>\n<div id=\"attachment_2368\" style=\"width: 298px\" class=\"wp-caption alignright\"><a href=\"http:\/\/deserteursdenkmal.at\/wordpress\/wp-content\/uploads\/2015\/04\/wug-x_ulsamer_edgar_ausschnitt.png\"><img aria-describedby=\"caption-attachment-2368\" loading=\"lazy\" class=\"size-medium wp-image-2368 \" title=\"Bild von Edgar Ulsamer, darunter seine Verfolgungsgr\u00fcnde: \u201eDesertion, amerikanischer Fallschirmagent\u201c Bildquellen: Dokumentationsarchiv des \u00f6sterreichischen Widerstands \/ www.doew.at\" alt=\"Bild von Edgar Ulsamer, darunter seine Verfolgungsgr\u00fcnde: \u201eDesertion, amerikanischer Fallschirmagent\u201c Bildquellen: Dokumentationsarchiv des \u00f6sterreichischen Widerstands \/ www.doew.at\" src=\"http:\/\/deserteursdenkmal.at\/wordpress\/wp-content\/uploads\/2015\/04\/wug-x_ulsamer_edgar_ausschnitt-288x300.png\" width=\"288\" height=\"300\" srcset=\"https:\/\/deserteursdenkmal.at\/wordpress\/wp-content\/uploads\/2015\/04\/wug-x_ulsamer_edgar_ausschnitt-288x300.png 288w, https:\/\/deserteursdenkmal.at\/wordpress\/wp-content\/uploads\/2015\/04\/wug-x_ulsamer_edgar_ausschnitt.png 751w\" sizes=\"(max-width: 288px) 100vw, 288px\" \/><\/a><p id=\"caption-attachment-2368\" class=\"wp-caption-text\">Bild von Edgar Ulsamer, darunter seine Verfolgungsgr\u00fcnde: \u201eDesertion, amerikanischer Fallschirmagent\u201c<br \/>Bildquelle: Dokumentationsarchiv des \u00f6sterreichischen Widerstands \/ www.doew.at<\/p><\/div>\n<p>Edgar Ulsamer ist am 23.8.1924 in Wien zur Welt gekommen, sein Eltern waren Karl und Herta Ulsamer. Beim \u201eAnschluss\u201c \u00d6sterreichs an Deutschland war Edgar 13 Jahre alt. Er besuchte in Wien die Volksschule, dann ein Realgymnasium, engagierte sich bei der Hitlerjugend. Zu Ostern 1942 bestand er die Matura. Er inskribierte gleich darauf an der Universit\u00e4t Wien um Zeitungswissenschaften zu studieren, wurde aber eingezogen: erst zum Reichsarbeitsdienst, nach seinem 18. Geburtstag im Herbst 1942 zur Wehrmacht. Ausgebildet in einer Nachrichteneinheit kam er Ende 1943 an die italienische Front. Zu diesem Zeitpunkt hatte die US-Armee Italien zu einem gro\u00dfen Teil befreit, am 7. J\u00e4nner 1944 wurde Edgar mit seiner Einheit gefangengenommen.<\/p>\n<div id=\"attachment_2369\" style=\"width: 270px\" class=\"wp-caption alignleft\"><a href=\"http:\/\/deserteursdenkmal.at\/wordpress\/wp-content\/uploads\/2015\/04\/wug-x_ulsamer_herta_ausschnitt.png\"><img aria-describedby=\"caption-attachment-2369\" loading=\"lazy\" class=\"size-medium wp-image-2369\" title=\"Bild der Mutter von Edgar, Herta Ulsamer.\u201c Bildquellen: Dokumentationsarchiv des \u00f6sterreichischen Widerstands \/ www.doew.at\" alt=\"Bild der Mutter von Edgar, Herta Ulsamer.\u201c Bildquellen: Dokumentationsarchiv des \u00f6sterreichischen Widerstands \/ www.doew.at\" src=\"http:\/\/deserteursdenkmal.at\/wordpress\/wp-content\/uploads\/2015\/04\/wug-x_ulsamer_herta_ausschnitt-260x300.png\" width=\"260\" height=\"300\" srcset=\"https:\/\/deserteursdenkmal.at\/wordpress\/wp-content\/uploads\/2015\/04\/wug-x_ulsamer_herta_ausschnitt-260x300.png 260w, https:\/\/deserteursdenkmal.at\/wordpress\/wp-content\/uploads\/2015\/04\/wug-x_ulsamer_herta_ausschnitt.png 742w\" sizes=\"(max-width: 260px) 100vw, 260px\" \/><\/a><p id=\"caption-attachment-2369\" class=\"wp-caption-text\">Bild der Mutter von Edgar, Herta Ulsamer.\u201c<br \/>Bildquelle: wie oben<\/p><\/div>\n<p>Im Kriegsgefangenenlager meldete sich Edgar Ulsamer freiwillig, die Alliierten im Kampf gegen Deutschland zu unterst\u00fctzen. Er wurde in einem Kurs ausgebildet, etwa im Fallschirmspringen, Umgang mit Funkger\u00e4ten, Sprengstoff und amerikanischen Waffen. Er war dabei auch mit anderen \u00d6sterreicher zusammen. Im Herbst 1944 sprang er zusammen mit zwei anderen \u00d6sterreichern und dem amerikanischen Captain Taylor \u00fcber dem Neusiedlersee ab, da die drei \u00d6sterreicher dort Verwandte und Bekannte hatten, von denen sie Unterst\u00fctzung erwarteten. Ihr Auftrag war, Nachrichten f\u00fcr taktische Flugangriffe zu sammeln und wenn m\u00f6glich Kontakte zu PartisanInnen aufzunehmen. Edgar traf seine Mutter, welche ihren Sohn mehrfach in den Verstecken um den Neusiedlersee besuchte und Verpflegung brachte. Auch Edgars Vater, Karl Ulsamer, besuchte seinen Sohn \u2013 jedoch mit dem Ziel, ihn davon zu \u00fcberzeugen sich zu stellen. Erst beim zweiten Besuch gab er dieses Vorhaben auf und unterst\u00fctzte seinen Sohn. Bekannte aus Wiener Neustadt erkl\u00e4rten sich erst bereit die Abgesprungenen aufzunehmen, zeigte sie dann jedoch bei der Polizei an.<\/p>\n<div id=\"attachment_2370\" style=\"width: 286px\" class=\"wp-caption alignright\"><a href=\"http:\/\/deserteursdenkmal.at\/wordpress\/wp-content\/uploads\/2015\/04\/wug-x_ulsamer_karl_ausschnitt.png\"><img aria-describedby=\"caption-attachment-2370\" loading=\"lazy\" class=\"size-medium wp-image-2370\" title=\"Bild von Karl Ulsamer, darunter sein Urteil: \u201eZum Tode verurteilt\u201c. Bildquellen: Dokumentationsarchiv des \u00f6sterreichischen Widerstands \/ www.doew.at\" alt=\"Bild von Karl Ulsamer, darunter sein Urteil: \u201eZum Tode verurteilt\u201c. Bildquellen: Dokumentationsarchiv des \u00f6sterreichischen Widerstands \/ www.doew.at\" src=\"http:\/\/deserteursdenkmal.at\/wordpress\/wp-content\/uploads\/2015\/04\/wug-x_ulsamer_karl_ausschnitt-276x300.png\" width=\"276\" height=\"300\" srcset=\"https:\/\/deserteursdenkmal.at\/wordpress\/wp-content\/uploads\/2015\/04\/wug-x_ulsamer_karl_ausschnitt-276x300.png 276w, https:\/\/deserteursdenkmal.at\/wordpress\/wp-content\/uploads\/2015\/04\/wug-x_ulsamer_karl_ausschnitt.png 692w\" sizes=\"(max-width: 276px) 100vw, 276px\" \/><\/a><p id=\"caption-attachment-2370\" class=\"wp-caption-text\">Bild von Karl Ulsamer, darunter sein Urteil: \u201eZum Tode verurteilt\u201c.<br \/>Bildquelle: wie oben<\/p><\/div>\n<p>Die Gestapo nahm sie alle rund um den 30.November 1944 fest. Erst sp\u00e4ter wurde festgestellt, dass sie der Wehrmachtsjustiz \u00fcbergeben werden m\u00fcssten, da Edgar ja Soldat und Karl Offizier war. Nur Herta Ulsamer verblieb durchgehend im Gefangenenhaus des Landgerichts. Edgar befand sich bis 1.M\u00e4rz 1945 im Polizeigefangenhaus an der Rossauerl\u00e4nde, kam dann ins WUG X. Die anderen drei befanden sich in anderen Haftanstalten. Am 11.M\u00e4rz 1945 wurden Edgar Ulsamer, seine zwei Kollegen und sein Vater vom 4. Senat des Reichkriegsgerichts in Wien (Schwindgasse 8) wegen \u201eKriegsverrat, Spionage und Fahnenflucht\u201c zum Tode verurteilt. Die Hinrichtung war f\u00fcr 4. April 1945 angesetzt, die Rote Armee startete am 6. April 1945 die Befreiung Wiens von S\u00fcden her. Schon Tage zuvor wurde daher das Gef\u00e4ngnis evakuiert. Karl und Edgar gelang w\u00e4hrend der Evakuierung die Flucht. Herta Ulsamer kam am 6.April 1945 frei.<\/p>\n ","protected":false},"excerpt":{"rendered":"<p>Fallbeispiel zum WUG X: Familie Ulsamer Edgar Ulsamer ist am 23.8.1924 in Wien zur Welt gekommen, sein Eltern waren Karl und Herta Ulsamer. Beim \u201eAnschluss\u201c \u00d6sterreichs an Deutschland war Edgar 13 Jahre alt. Er besuchte in Wien die Volksschule, dann &hellip; <a href=\"https:\/\/deserteursdenkmal.at\/wordpress\/verfolgungsorte\/wug-x\/wug-x-fallbeispiel-ulsamer\/\">Weiterlesen <span class=\"meta-nav\">&rarr;<\/span><\/a><\/p>\n","protected":false},"author":3,"featured_media":0,"parent":1283,"menu_order":0,"comment_status":"closed","ping_status":"closed","template":"showcase.php","meta":[],"categories":[32],"tags":[115,124,90,123],"_links":{"self":[{"href":"https:\/\/deserteursdenkmal.at\/wordpress\/wp-json\/wp\/v2\/pages\/2426"}],"collection":[{"href":"https:\/\/deserteursdenkmal.at\/wordpress\/wp-json\/wp\/v2\/pages"}],"about":[{"href":"https:\/\/deserteursdenkmal.at\/wordpress\/wp-json\/wp\/v2\/types\/page"}],"author":[{"embeddable":true,"href":"https:\/\/deserteursdenkmal.at\/wordpress\/wp-json\/wp\/v2\/users\/3"}],"replies":[{"embeddable":true,"href":"https:\/\/deserteursdenkmal.at\/wordpress\/wp-json\/wp\/v2\/comments?post=2426"}],"version-history":[{"count":11,"href":"https:\/\/deserteursdenkmal.at\/wordpress\/wp-json\/wp\/v2\/pages\/2426\/revisions"}],"predecessor-version":[{"id":4712,"href":"https:\/\/deserteursdenkmal.at\/wordpress\/wp-json\/wp\/v2\/pages\/2426\/revisions\/4712"}],"up":[{"embeddable":true,"href":"https:\/\/deserteursdenkmal.at\/wordpress\/wp-json\/wp\/v2\/pages\/1283"}],"wp:attachment":[{"href":"https:\/\/deserteursdenkmal.at\/wordpress\/wp-json\/wp\/v2\/media?parent=2426"}],"wp:term":[{"taxonomy":"category","embeddable":true,"href":"https:\/\/deserteursdenkmal.at\/wordpress\/wp-json\/wp\/v2\/categories?post=2426"},{"taxonomy":"post_tag","embeddable":true,"href":"https:\/\/deserteursdenkmal.at\/wordpress\/wp-json\/wp\/v2\/tags?post=2426"}],"curies":[{"name":"wp","href":"https:\/\/api.w.org\/{rel}","templated":true}]}}